{"id":1994,"date":"2023-10-30T12:08:28","date_gmt":"2023-10-30T11:08:28","guid":{"rendered":"https:\/\/www.eriwood.se\/sagade-travaror-2\/"},"modified":"2025-09-15T11:00:26","modified_gmt":"2025-09-15T09:00:26","slug":"sagade-travaror-2","status":"publish","type":"page","link":"https:\/\/www.eriwood.se\/en\/sagade-travaror-2\/","title":{"rendered":"S\u00e5gade tr\u00e4varor"},"content":{"rendered":"<h1>S\u00e5gade Tr\u00e4varor<\/h1>\n<p>Vi kan allt om norrl\u00e4ndsk kvalitetsfura och sydsvensk gran och har handlat med s\u00e5gade tr\u00e4varor i flera decennier. Vi vet vilken produkt som \u00e4r r\u00e4tt f\u00f6r din industri. Genom \u00e5ren har vi ut\u00f6kat v\u00e5rt kunnande och v\u00e5rt sortiment och idag handlar vi med b\u00e5de fur och gran, fr\u00e5n norr till s\u00f6der. I samr\u00e5d med v\u00e5ra leverant\u00f6rer kan vi erbjuda skr\u00e4ddarsydda l\u00f6sningar f\u00f6r s\u00e5v\u00e4l stora som sm\u00e5 kunder oavsett om det g\u00e4ller standardprodukter eller specialsorteringar och speciall\u00e4ngder.<\/p>\n<p>Vi har daglig kontakt med representanter f\u00f6r stora delar av den svenska s\u00e5gverksindustrin. Oavsett om du s\u00f6ker 30m\u00b3 i tre dimensioner eller 3000m\u00b3 av ett enda slag kan vi erbjuda dig de snabbaste svaren och de vassaste produkterna, dessutom till ett konkurrenskraftigt pris.<\/p>\n<p>\t\t\t\t\t\t\t\t\t\t\t\t\t\t\t<img fetchpriority=\"high\" decoding=\"async\" width=\"768\" height=\"1024\" src=\"https:\/\/www.eriwood.se\/wp-content\/uploads\/2023\/10\/Sagad-Gran-Sandasa-kopia-768x1024.jpg\" alt=\"\" srcset=\"https:\/\/www.eriwood.se\/wp-content\/uploads\/2023\/10\/Sagad-Gran-Sandasa-kopia-768x1024.jpg 768w, https:\/\/www.eriwood.se\/wp-content\/uploads\/2023\/10\/Sagad-Gran-Sandasa-kopia-225x300.jpg 225w, https:\/\/www.eriwood.se\/wp-content\/uploads\/2023\/10\/Sagad-Gran-Sandasa-kopia-1152x1536.jpg 1152w, https:\/\/www.eriwood.se\/wp-content\/uploads\/2023\/10\/Sagad-Gran-Sandasa-kopia.jpg 1224w\" sizes=\"(max-width: 768px) 100vw, 768px\" \/><br \/>\n\t\t\t\t\t\t\t\t\t\t\t\t\t\t\t<img decoding=\"async\" width=\"819\" height=\"1024\" src=\"https:\/\/www.eriwood.se\/wp-content\/uploads\/2023\/10\/Sagad-fura-50x150-Rodins2-819x1024.jpg\" alt=\"\" srcset=\"https:\/\/www.eriwood.se\/wp-content\/uploads\/2023\/10\/Sagad-fura-50x150-Rodins2-819x1024.jpg 819w, https:\/\/www.eriwood.se\/wp-content\/uploads\/2023\/10\/Sagad-fura-50x150-Rodins2-240x300.jpg 240w, https:\/\/www.eriwood.se\/wp-content\/uploads\/2023\/10\/Sagad-fura-50x150-Rodins2-768x960.jpg 768w, https:\/\/www.eriwood.se\/wp-content\/uploads\/2023\/10\/Sagad-fura-50x150-Rodins2.jpg 1200w\" sizes=\"(max-width: 819px) 100vw, 819px\" \/><\/p>\n","protected":false},"excerpt":{"rendered":"<p>S\u00e5gade Tr\u00e4varor Vi kan allt om norrl\u00e4ndsk kvalitetsfura och sydsvensk gran och har handlat med s\u00e5gade tr\u00e4varor i flera decennier. Vi vet [&hellip;]<\/p>\n","protected":false},"author":7,"featured_media":0,"parent":0,"menu_order":0,"comment_status":"closed","ping_status":"closed","template":"elementor_header_footer","meta":{"footnotes":""},"class_list":["post-1994","page","type-page","status-publish","hentry"],"_links":{"self":[{"href":"https:\/\/www.eriwood.se\/en\/wp-json\/wp\/v2\/pages\/1994","targetHints":{"allow":["GET"]}}],"collection":[{"href":"https:\/\/www.eriwood.se\/en\/wp-json\/wp\/v2\/pages"}],"about":[{"href":"https:\/\/www.eriwood.se\/en\/wp-json\/wp\/v2\/types\/page"}],"author":[{"embeddable":true,"href":"https:\/\/www.eriwood.se\/en\/wp-json\/wp\/v2\/users\/7"}],"replies":[{"embeddable":true,"href":"https:\/\/www.eriwood.se\/en\/wp-json\/wp\/v2\/comments?post=1994"}],"version-history":[{"count":11,"href":"https:\/\/www.eriwood.se\/en\/wp-json\/wp\/v2\/pages\/1994\/revisions"}],"predecessor-version":[{"id":2349,"href":"https:\/\/www.eriwood.se\/en\/wp-json\/wp\/v2\/pages\/1994\/revisions\/2349"}],"wp:attachment":[{"href":"https:\/\/www.eriwood.se\/en\/wp-json\/wp\/v2\/media?parent=1994"}],"curies":[{"name":"wp","href":"https:\/\/api.w.org\/{rel}","templated":true}]}}